{"id":4229,"date":"2017-11-22T14:51:22","date_gmt":"2017-11-22T13:51:22","guid":{"rendered":"https:\/\/www.studio-aeris.com\/?post_type=product&#038;p=4229"},"modified":"2024-01-24T15:10:32","modified_gmt":"2024-01-24T14:10:32","slug":"yoga-block","status":"publish","type":"product","link":"https:\/\/studio-aeris.com\/en\/shop\/yoga-block\/","title":{"rendered":"Yoga Block"},"content":{"rendered":"<p>Een yoga block, of meerdere yoga blocks, gebruik je bijvoorbeeld als ondersteuning bij verschillende stretch posities, zodat je je volledig kunt concentreren op de stretch. Maar ook \u00e9\u00e9n of meerdere blocks als verhoging bij stretch posities geven je n\u00e8t dat beetje extra (voor bijvoorbeeld een platte spagaat). Of gebruik ze als tool bij active stretching- en power drills!<\/p>\n<p>Als je thuis wilt werken aan je flexibiliteit zijn yoga blocks haast onmisbaar. Deze zwarte blocks zijn gemaakt van superlicht foam materiaal.<\/p>\n<p><i>Let op; yoga blocks\u00a0kunnen alleen worden afgehaald in de studio.<\/i><\/p>\n<p>Prijs per stuk.<\/p>","protected":false},"excerpt":{"rendered":"<p>Yoga blocks zijn haast onmisbaar voor iedereen die (thuis) aan flexibiliteit wil werken.<\/p>\n<p><i>Let op; yoga blocks\u00a0kunnen alleen worden afgehaald in de studio.<\/i><\/p>","protected":false},"featured_media":4231,"template":"","meta":{"_monsterinsights_skip_tracking":false,"_monsterinsights_sitenote_active":false,"_monsterinsights_sitenote_note":"","_monsterinsights_sitenote_category":0},"product_brand":[],"product_cat":[236],"product_tag":[221,220,74,50,39,75,222,77,217,218,219],"class_list":{"0":"post-4229","1":"product","2":"type-product","3":"status-publish","4":"has-post-thumbnail","6":"product_cat-palen-matten","7":"product_tag-flexibiliteit","8":"product_tag-foam-blocks","9":"product_tag-paaldans","10":"product_tag-paaldansen","11":"product_tag-pole","12":"product_tag-pole-dance","13":"product_tag-pure-stretch","14":"product_tag-stretch","15":"product_tag-yoga","16":"product_tag-yoga-block","17":"product_tag-yoga-blocks","19":"first","20":"instock","21":"taxable","22":"shipping-taxable","23":"purchasable","24":"product-type-simple"},"_links":{"self":[{"href":"https:\/\/studio-aeris.com\/en\/wp-json\/wp\/v2\/product\/4229","targetHints":{"allow":["GET"]}}],"collection":[{"href":"https:\/\/studio-aeris.com\/en\/wp-json\/wp\/v2\/product"}],"about":[{"href":"https:\/\/studio-aeris.com\/en\/wp-json\/wp\/v2\/types\/product"}],"wp:featuredmedia":[{"embeddable":true,"href":"https:\/\/studio-aeris.com\/en\/wp-json\/wp\/v2\/media\/4231"}],"wp:attachment":[{"href":"https:\/\/studio-aeris.com\/en\/wp-json\/wp\/v2\/media?parent=4229"}],"wp:term":[{"taxonomy":"product_brand","embeddable":true,"href":"https:\/\/studio-aeris.com\/en\/wp-json\/wp\/v2\/product_brand?post=4229"},{"taxonomy":"product_cat","embeddable":true,"href":"https:\/\/studio-aeris.com\/en\/wp-json\/wp\/v2\/product_cat?post=4229"},{"taxonomy":"product_tag","embeddable":true,"href":"https:\/\/studio-aeris.com\/en\/wp-json\/wp\/v2\/product_tag?post=4229"}],"curies":[{"name":"wp","href":"https:\/\/api.w.org\/{rel}","templated":true}]}}